{"id":10,"date":"2025-12-08T15:45:48","date_gmt":"2025-12-08T15:45:48","guid":{"rendered":"http:\/\/localhost\/ciita\/?page_id=10"},"modified":"2026-01-19T03:02:36","modified_gmt":"2026-01-19T03:02:36","slug":"nosotros","status":"publish","type":"page","link":"https:\/\/ciita.mx\/index.php\/nosotros\/","title":{"rendered":"Nosotros"},"content":{"rendered":"\n<div class=\"wp-block-stackable-heading stk-block-heading stk-block-heading--v2 stk-block stk-55bcd26\" id=\"span-style-color-var-global-palette-2-var-global-palette-2-class-stk-highlight-strong-quienes-somos-strong-span\" data-block-id=\"55bcd26\"><h2 class=\"stk-block-heading__text\"><span style=\"color: var(--global-palette2, var(--global-palette2));\" class=\"stk-highlight\">\u00bf<strong>Qui\u00e9nes somos<\/strong>?<\/span><\/h2><\/div>\n\n\n\n<div class=\"wp-block-stackable-subtitle stk-block-subtitle stk-block stk-ccb1b5d\" data-block-id=\"ccb1b5d\"><style>.stk-ccb1b5d .stk-block-subtitle__text{font-size:14px !important;}@media screen and (max-width: 1023px){.stk-ccb1b5d .stk-block-subtitle__text{font-size:14px !important;}}<\/style><p class=\"stk-block-subtitle__text stk-subtitle\"><em>Tecnolog\u00eda, datos e inteligencia artificial al servicio de la innovaci\u00f3n<\/em><\/p><\/div>\n\n\n\n<div class=\"wp-block-stackable-text stk-block-text stk-block stk-6ba33d9\" data-block-id=\"6ba33d9\"><style>.stk-6ba33d9 .stk-block-text__text{font-size:14px !important;}@media screen and (max-width: 1023px){.stk-6ba33d9 .stk-block-text__text{font-size:14px !important;}}<\/style><p class=\"stk-block-text__text has-text-align-justify\">El <strong><span style=\"color: var(--global-palette2, var(--global-palette2));\" class=\"stk-highlight\">Centro de Investigaci\u00f3n e Innovaci\u00f3n en Tecnolog\u00eda Aplicada (CIITA)<\/span><\/strong> surge de la colaboraci\u00f3n de un grupo de profesores investigadores con conocimientos en <strong><span style=\"color: var(--global-palette2, var(--global-palette2));\" class=\"stk-highlight\">tecnolog\u00eda, ciencia e investigaci\u00f3n aplicada<\/span><\/strong>, unidos por una visi\u00f3n com\u00fan: transformar el conocimiento cient\u00edfico en <span style=\"color: var(--global-palette2, var(--global-palette2));\" class=\"stk-highlight\"><strong>soluciones tecnol\u00f3gicas \u00fatiles, \u00e9ticas y basadas en evidencia<\/strong>.<\/span><\/p><\/div>\n\n\n\n<div class=\"wp-block-stackable-text stk-block-text stk-block stk-6a3b4e6\" data-block-id=\"6a3b4e6\"><style>.stk-6a3b4e6 .stk-block-text__text{font-size:14px !important;}@media screen and (max-width: 1023px){.stk-6a3b4e6 .stk-block-text__text{font-size:14px !important;}}<\/style><p class=\"stk-block-text__text has-text-align-justify\">Nuestro equipo naci\u00f3 en el \u00e1mbito acad\u00e9mico, colaborando de manera <strong><span style=\"color: var(--global-palette2, var(--global-palette2));\" class=\"stk-highlight\">multidisciplinaria con profesionales del \u00e1rea de la salud<\/span><\/strong> en el desarrollo de proyectos de investigaci\u00f3n, an\u00e1lisis de datos y generaci\u00f3n de conocimiento cient\u00edfico. A partir de esta experiencia, CIITA evoluciona como una iniciativa que ampl\u00eda su alcance hacia <strong><span style=\"color: var(--global-palette2, var(--global-palette2));\" class=\"stk-highlight\">organizaciones, instituciones educativas, empresas y profesionales<\/span><\/strong>, ofreciendo servicios especializados con impacto real.<\/p><\/div>\n\n\n\n<div class=\"wp-block-stackable-text stk-block-text stk-block stk-32776fd\" data-block-id=\"32776fd\"><style>.stk-32776fd .stk-block-text__text{font-size:14px !important;}@media screen and (max-width: 1023px){.stk-32776fd .stk-block-text__text{font-size:14px !important;}}<\/style><p class=\"stk-block-text__text\">Actualmente, CIITA est\u00e1 integrado por <strong><span style=\"color: var(--global-palette2, var(--global-palette2));\" class=\"stk-highlight\">tres profesionales<\/span><\/strong> con perfiles complementarios:<\/p><\/div>\n\n\n\n<div class=\"wp-block-stackable-icon-list stk-block-icon-list stk-block stk-feeac14\" data-block-id=\"feeac14\"><svg style=\"display:none\"><defs><g id=\"stk-icon-list__icon-svg-def-feeac14\"><svg xmlns=\"http:\/\/www.w3.org\/2000\/svg\" viewBox=\"0 0 320 512\"><path d=\"M310.6 233.4c12.5 12.5 12.5 32.8 0 45.3l-192 192c-12.5 12.5-32.8 12.5-45.3 0s-12.5-32.8 0-45.3L242.7 256 73.4 86.6c-12.5-12.5-12.5-32.8 0-45.3s32.8-12.5 45.3 0l192 192z\"\/><\/svg><\/g><\/defs><\/svg><ul class=\"stk-block-icon-list__ul stk-block-icon-list--column\">\n<li class=\"wp-block-stackable-icon-list-item stk-block-icon-list-item stk-block stk-02b7421\" data-block-id=\"02b7421\"><style>.stk-02b7421 .stk-block-icon-list-item__text{font-size:14px !important;}@media screen and (max-width: 1023px){.stk-02b7421 .stk-block-icon-list-item__text{font-size:14px !important;}}<\/style><div class=\"stk-block-icon-list-item__content\"><span class=\"stk--svg-wrapper\"><div class=\"stk--inner-svg\"><svg aria-hidden=\"true\" width=\"32\" height=\"32\"><use xlink:href=\"#stk-icon-list__icon-svg-def-feeac14\"><\/use><\/svg><\/div><\/span><span class=\"stk-block-icon-list-item__text\"><strong>Desarrollo de software<\/strong>, enfocado en la creaci\u00f3n de soluciones digitales, plataformas y herramientas tecnol\u00f3gicas a la medida.<\/span><\/div><\/li>\n\n\n\n<li class=\"wp-block-stackable-icon-list-item stk-block-icon-list-item stk-block stk-dce8d48\" data-block-id=\"dce8d48\"><style>.stk-dce8d48 .stk-block-icon-list-item__text{font-size:14px !important;}@media screen and (max-width: 1023px){.stk-dce8d48 .stk-block-icon-list-item__text{font-size:14px !important;}}<\/style><div class=\"stk-block-icon-list-item__content\"><span class=\"stk--svg-wrapper\"><div class=\"stk--inner-svg\"><svg aria-hidden=\"true\" width=\"32\" height=\"32\"><use xlink:href=\"#stk-icon-list__icon-svg-def-feeac14\"><\/use><\/svg><\/div><\/span><span class=\"stk-block-icon-list-item__text\"><strong>An\u00e1lisis de datos e inteligencia artificial<\/strong>, orientado al procesamiento, modelado y an\u00e1lisis de informaci\u00f3n para la toma de decisiones y la investigaci\u00f3n cient\u00edfica.<\/span><\/div><\/li>\n\n\n\n<li class=\"wp-block-stackable-icon-list-item stk-block-icon-list-item stk-block stk-11588a4\" data-block-id=\"11588a4\"><style>.stk-11588a4 .stk-block-icon-list-item__text{font-size:14px !important;}@media screen and (max-width: 1023px){.stk-11588a4 .stk-block-icon-list-item__text{font-size:14px !important;}}<\/style><div class=\"stk-block-icon-list-item__content\"><span class=\"stk--svg-wrapper\"><div class=\"stk--inner-svg\"><svg aria-hidden=\"true\" width=\"32\" height=\"32\"><use xlink:href=\"#stk-icon-list__icon-svg-def-feeac14\"><\/use><\/svg><\/div><\/span><span class=\"stk-block-icon-list-item__text\"><strong>Tecnolog\u00edas aplicadas a la educaci\u00f3n<\/strong>, especializado en dise\u00f1o instruccional, innovaci\u00f3n educativa y capacitaci\u00f3n en el uso de tecnolog\u00edas emergentes.<\/span><\/div><\/li>\n<\/ul><\/div>\n\n\n\n<div class=\"wp-block-stackable-text stk-block-text stk-block stk-19b8202\" data-block-id=\"19b8202\"><style>.stk-19b8202 .stk-block-text__text{font-size:14px !important;}@media screen and (max-width: 1023px){.stk-19b8202 .stk-block-text__text{font-size:14px !important;}}<\/style><p class=\"stk-block-text__text has-text-align-justify\">En CIITA combinamos <strong><span style=\"color: var(--global-palette2, var(--global-palette2));\" class=\"stk-highlight\">rigor acad\u00e9mico<\/span>,<span style=\"color: var(--global-palette2, var(--global-palette2));\" class=\"stk-highlight\"> innovaci\u00f3n tecnol\u00f3gica y enfoque pr\u00e1ctico<\/span><\/strong>, ofreciendo servicios como an\u00e1lisis de datos, capacitaci\u00f3n y cursos en inteligencia artificial aplicada a la investigaci\u00f3n, as\u00ed como asesor\u00eda en proyectos de investigaci\u00f3n.<\/p><\/div>\n\n\n\n<div class=\"wp-block-stackable-text stk-block-text stk-block stk-20f3d1e\" data-block-id=\"20f3d1e\"><style>.stk-20f3d1e .stk-block-text__text{font-size:14px !important;}@media screen and (max-width: 1023px){.stk-20f3d1e .stk-block-text__text{font-size:14px !important;}}<\/style><p class=\"stk-block-text__text has-text-align-justify\">Creemos firmemente que la tecnolog\u00eda y la investigaci\u00f3n no deben quedarse \u00fanicamente en el \u00e1mbito te\u00f3rico, sino convertirse en <strong><span style=\"color: var(--global-palette2, var(--global-palette2));\" class=\"stk-highlight\">herramientas estrat\u00e9gicas que generen valor<\/span>, <span style=\"color: var(--global-palette2, var(--global-palette2));\" class=\"stk-highlight\">conocimiento y soluciones sostenibles<\/span><\/strong> para diversos sectores.<\/p><\/div>\n\n\n\n<p><\/p>\n","protected":false},"excerpt":{"rendered":"<p>\u00bfQui\u00e9nes somos? Tecnolog\u00eda, datos e inteligencia artificial al servicio de la innovaci\u00f3n El Centro de Investigaci\u00f3n e Innovaci\u00f3n en Tecnolog\u00eda Aplicada (CIITA) surge de la colaboraci\u00f3n de un grupo de profesores investigadores con conocimientos en tecnolog\u00eda, ciencia e investigaci\u00f3n aplicada, unidos por una visi\u00f3n com\u00fan: transformar el conocimiento cient\u00edfico en soluciones tecnol\u00f3gicas \u00fatiles, \u00e9ticas y&#8230;<\/p>\n","protected":false},"author":1,"featured_media":0,"parent":0,"menu_order":0,"comment_status":"closed","ping_status":"closed","template":"","meta":{"_kadence_starter_templates_imported_post":false,"_kad_post_transparent":"","_kad_post_title":"hide","_kad_post_layout":"fullwidth","_kad_post_sidebar_id":"","_kad_post_content_style":"","_kad_post_vertical_padding":"","_kad_post_feature":"","_kad_post_feature_position":"","_kad_post_header":false,"_kad_post_footer":false,"_kad_post_classname":"","footnotes":""},"class_list":["post-10","page","type-page","status-publish","hentry"],"_links":{"self":[{"href":"https:\/\/ciita.mx\/index.php\/wp-json\/wp\/v2\/pages\/10","targetHints":{"allow":["GET"]}}],"collection":[{"href":"https:\/\/ciita.mx\/index.php\/wp-json\/wp\/v2\/pages"}],"about":[{"href":"https:\/\/ciita.mx\/index.php\/wp-json\/wp\/v2\/types\/page"}],"author":[{"embeddable":true,"href":"https:\/\/ciita.mx\/index.php\/wp-json\/wp\/v2\/users\/1"}],"replies":[{"embeddable":true,"href":"https:\/\/ciita.mx\/index.php\/wp-json\/wp\/v2\/comments?post=10"}],"version-history":[{"count":7,"href":"https:\/\/ciita.mx\/index.php\/wp-json\/wp\/v2\/pages\/10\/revisions"}],"predecessor-version":[{"id":120,"href":"https:\/\/ciita.mx\/index.php\/wp-json\/wp\/v2\/pages\/10\/revisions\/120"}],"wp:attachment":[{"href":"https:\/\/ciita.mx\/index.php\/wp-json\/wp\/v2\/media?parent=10"}],"curies":[{"name":"wp","href":"https:\/\/api.w.org\/{rel}","templated":true}]}}