{"id":35,"date":"2025-12-08T16:39:32","date_gmt":"2025-12-08T16:39:32","guid":{"rendered":"http:\/\/localhost\/ciita\/?page_id=35"},"modified":"2026-01-19T02:17:51","modified_gmt":"2026-01-19T02:17:51","slug":"inicio","status":"publish","type":"page","link":"https:\/\/ciita.mx\/","title":{"rendered":"Inicio"},"content":{"rendered":"\n<div class=\"wp-block-stackable-columns aligncenter stk-block-columns stk-block stk-948158f stk-block-background stk--has-background-overlay\" data-block-id=\"948158f\"><style>.stk-948158f {background-image:url(https:\/\/ciita.mx\/wp-content\/uploads\/2025\/12\/fondo.png) !important;border-top-left-radius:var(--stk--preset--border-radius--medium, 8px) !important;border-top-right-radius:var(--stk--preset--border-radius--medium, 8px) !important;border-bottom-right-radius:var(--stk--preset--border-radius--medium, 8px) !important;border-bottom-left-radius:var(--stk--preset--border-radius--medium, 8px) !important;overflow:hidden !important;min-height:500px !important;align-items:center !important;padding-top:var(--stk--preset--spacing--70, 3.38rem) !important;padding-right:var(--stk--preset--spacing--70, 3.38rem) !important;padding-bottom:var(--stk--preset--spacing--70, 3.38rem) !important;padding-left:var(--stk--preset--spacing--70, 3.38rem) !important;margin-bottom:0px !important;display:flex !important;}.stk-948158f:before{background-color:#000000 !important;opacity:0.5 !important;}<\/style><div class=\"stk-row stk-inner-blocks stk-block-content stk-content-align stk-948158f-column\">\n<div class=\"wp-block-stackable-column stk-block-column stk-column stk-block stk-d4bfcfd\" data-v=\"4\" data-block-id=\"d4bfcfd\"><div class=\"stk-column-wrapper stk-block-column__content stk-container stk-d4bfcfd-container stk--no-background stk--no-padding\"><div class=\"stk-block-content stk-inner-blocks stk-d4bfcfd-inner-blocks\">\n<div class=\"wp-block-stackable-subtitle stk-block-subtitle stk-block stk-d9ac730\" data-block-id=\"d9ac730\"><style>.stk-d9ac730 .stk-block-subtitle__text{font-size:var(--stk--preset--font-size--medium, var(--global-font-size-medium)) !important;color:#ffffff !important;text-transform:none !important;font-family:-apple-system, BlinkMacSystemFont, \"Segoe UI\", Roboto, Helvetica, Arial, sans-serif, \"Apple Color Emoji\", \"Segoe UI Emoji\", \"Segoe UI Symbol\" !important;}@media screen and (max-width: 1023px){.stk-d9ac730 .stk-block-subtitle__text{font-size:var(--stk--preset--font-size--medium, var(--global-font-size-medium)) !important;}}<\/style><p class=\"stk-block-subtitle__text stk-subtitle has-text-color has-text-align-center\"><strong>Centro de Investigaci\u00f3n e Innovaci\u00f3n en Tecnolog\u00edas Aplicadas<\/strong><\/p><\/div>\n\n\n\n<div class=\"wp-block-stackable-heading stk-block-heading stk-block-heading--v2 stk-block stk-8e5b052\" id=\"heading-placeholder\" data-block-id=\"8e5b052\"><style>.stk-8e5b052 .stk-block-heading__text{color:#ffffff !important;}<\/style><h1 class=\"stk-block-heading__text has-text-color has-text-align-center\">CIITA<\/h1><\/div>\n\n\n\n<div class=\"wp-block-stackable-subtitle stk-block-subtitle stk-block stk-a815d35\" data-block-id=\"a815d35\"><style>.stk-a815d35 .stk-block-subtitle__text{font-size:14px !important;color:#ffffff !important;}@media screen and (max-width: 1023px){.stk-a815d35 .stk-block-subtitle__text{font-size:14px !important;}}<\/style><p class=\"stk-block-subtitle__text stk-subtitle has-text-color has-text-align-center\">En <strong>CIITA<\/strong> transformamos datos en conocimiento. Nuestro enfoque combina experiencia t\u00e9cnica, metodolog\u00edas cient\u00edficas y tecnolog\u00eda de vanguardia para apoyar decisiones informadas, mejorar procesos y fortalecer capacidades digitales en diversas \u00e1reas del conocimiento.<\/p><\/div>\n\n\n\n<div class=\"wp-block-stackable-button-group stk-block-button-group stk-block stk-357a0aa\" data-block-id=\"357a0aa\"><div class=\"stk-row stk-inner-blocks has-text-align-center stk-block-content stk-button-group\">\n<div class=\"wp-block-stackable-button stk-block-button stk-block stk-00bf8c3\" data-block-id=\"00bf8c3\"><style>.stk-00bf8c3 {border-top-left-radius:var(--stk--preset--border-radius--medium, 8px) !important;border-top-right-radius:var(--stk--preset--border-radius--medium, 8px) !important;border-bottom-right-radius:var(--stk--preset--border-radius--medium, 8px) !important;border-bottom-left-radius:var(--stk--preset--border-radius--medium, 8px) !important;overflow:hidden !important;box-shadow:0 5px 5px 0 #123f5209 !important;border-style:solid !important;border-top-width:0px !important;border-right-width:0px !important;border-bottom-width:0px !important;border-left-width:0px !important;}.stk-00bf8c3 .stk-button{background:#e1bb03 !important;}.stk-00bf8c3 .stk-button__inner-text{font-size:14px !important;}@media screen and (max-width: 1023px){.stk-00bf8c3 .stk-button__inner-text{font-size:14px !important;}}<\/style><a class=\"stk-link stk-button stk--hover-effect-darken\" href=\"https:\/\/ciita.mx\/index.php\/soluciones\/\"><span class=\"stk-button__inner-text\"><strong>S<\/strong>oluciones<\/span><\/a><\/div>\n<\/div><\/div>\n<\/div><\/div><\/div>\n<\/div><\/div>\n","protected":false},"excerpt":{"rendered":"<p>Centro de Investigaci\u00f3n e Innovaci\u00f3n en Tecnolog\u00edas Aplicadas CIITA En CIITA transformamos datos en conocimiento. Nuestro enfoque combina experiencia t\u00e9cnica, metodolog\u00edas cient\u00edficas y tecnolog\u00eda de vanguardia para apoyar decisiones informadas, mejorar procesos y fortalecer capacidades digitales en diversas \u00e1reas del conocimiento. Soluciones<\/p>\n","protected":false},"author":1,"featured_media":0,"parent":0,"menu_order":0,"comment_status":"closed","ping_status":"closed","template":"","meta":{"_kadence_starter_templates_imported_post":false,"_kad_post_transparent":"","_kad_post_title":"hide","_kad_post_layout":"fullwidth","_kad_post_sidebar_id":"","_kad_post_content_style":"","_kad_post_vertical_padding":"","_kad_post_feature":"","_kad_post_feature_position":"","_kad_post_header":false,"_kad_post_footer":false,"_kad_post_classname":"","footnotes":""},"class_list":["post-35","page","type-page","status-publish","hentry"],"_links":{"self":[{"href":"https:\/\/ciita.mx\/index.php\/wp-json\/wp\/v2\/pages\/35","targetHints":{"allow":["GET"]}}],"collection":[{"href":"https:\/\/ciita.mx\/index.php\/wp-json\/wp\/v2\/pages"}],"about":[{"href":"https:\/\/ciita.mx\/index.php\/wp-json\/wp\/v2\/types\/page"}],"author":[{"embeddable":true,"href":"https:\/\/ciita.mx\/index.php\/wp-json\/wp\/v2\/users\/1"}],"replies":[{"embeddable":true,"href":"https:\/\/ciita.mx\/index.php\/wp-json\/wp\/v2\/comments?post=35"}],"version-history":[{"count":16,"href":"https:\/\/ciita.mx\/index.php\/wp-json\/wp\/v2\/pages\/35\/revisions"}],"predecessor-version":[{"id":143,"href":"https:\/\/ciita.mx\/index.php\/wp-json\/wp\/v2\/pages\/35\/revisions\/143"}],"wp:attachment":[{"href":"https:\/\/ciita.mx\/index.php\/wp-json\/wp\/v2\/media?parent=35"}],"curies":[{"name":"wp","href":"https:\/\/api.w.org\/{rel}","templated":true}]}}